{"id":5828,"date":"2015-10-20T20:28:44","date_gmt":"2015-10-20T18:28:44","guid":{"rendered":"https:\/\/www.juegosmalabares.com\/blog\/?page_id=5828"},"modified":"2020-11-23T18:28:03","modified_gmt":"2020-11-23T17:28:03","slug":"articulos-ray","status":"publish","type":"page","link":"https:\/\/www.juegosmalabares.com\/blog\/articulos-ray\/","title":{"rendered":"Ray"},"content":{"rendered":"<h3 class=\"bluetext\">Art\u00edculos de Ray<\/h3>\n<div class=\"biocontainer\">\n<div class=\"bioleft\"><a title=\"Consejos para trabajar como malabarista en sem\u00e1foros\" href=\"https:\/\/www.juegosmalabares.com\/blog\/trabajar-malabarista-semaforos\/\" target=\"_blank\" rel=\"noopener noreferrer\"><\/p>\n<figure><img src=\"https:\/\/www.juegosmalabares.com\/blog\/wp-content\/uploads\/2014\/03\/malabares-semaforo-mazas.jpg\" alt=\"Consejos para trabajar como malabarista en sem\u00e1foros\" width=\"192px\"><\/figure>\n<p><\/a><a title=\"Consejos para trabajar como malabarista en sem\u00e1foros\" href=\"https:\/\/www.juegosmalabares.com\/blog\/trabajar-malabarista-semaforos\/\" target=\"_blank\" rel=\"noopener noreferrer\"><\/a><a title=\"Consejos para trabajar como malabarista en sem\u00e1foros\" href=\"https:\/\/www.juegosmalabares.com\/blog\/trabajar-malabarista-semaforos\/\" target=\"_blank\" rel=\"noopener noreferrer\"><\/a><a title=\"Consejos para trabajar como malabarista en sem\u00e1foros\" href=\"https:\/\/www.juegosmalabares.com\/blog\/trabajar-malabarista-semaforos\/\" target=\"_blank\" rel=\"noopener noreferrer\"><\/a><a title=\"Consejos para trabajar como malabarista en sem\u00e1foros\" href=\"https:\/\/www.juegosmalabares.com\/blog\/trabajar-malabarista-semaforos\/\" target=\"_blank\" rel=\"noopener noreferrer\"><\/a><a title=\"Consejos para trabajar como malabarista en sem\u00e1foros\" href=\"https:\/\/www.juegosmalabares.com\/blog\/trabajar-malabarista-semaforos\/\" target=\"_blank\" rel=\"noopener noreferrer\"><\/a><a title=\"Consejos para trabajar como malabarista en sem\u00e1foros\" href=\"https:\/\/www.juegosmalabares.com\/blog\/trabajar-malabarista-semaforos\/\" target=\"_blank\" rel=\"noopener noreferrer\"><\/a><a title=\"Consejos para trabajar como malabarista en sem\u00e1foros\" href=\"https:\/\/www.juegosmalabares.com\/blog\/trabajar-malabarista-semaforos\/\" target=\"_blank\" rel=\"noopener noreferrer\">Consejos para trabajar como malabarista en sem\u00e1foros<\/a><\/p>\n<\/div>\n<div class=\"biocenter\"><a title=\"Consejos para espect\u00e1culos de malabares de calle\" href=\"https:\/\/www.juegosmalabares.com\/blog\/consejos-espectaculos-malabares\/\" target=\"_blank\" rel=\"noopener noreferrer\"><\/p>\n<figure><img src=\"https:\/\/www.juegosmalabares.com\/blog\/wp-content\/uploads\/2014\/03\/espectaculo-malabarista-calle.jpg\" alt=\"Consejos para espect\u00e1culos de malabares de calle\" width=\"192px\"><\/figure>\n<p><\/a><a title=\"Consejos para espect\u00e1culos de malabares de calle\" href=\"https:\/\/www.juegosmalabares.com\/blog\/consejos-espectaculos-malabares\/\" target=\"_blank\" rel=\"noopener noreferrer\"><\/a><a title=\"Consejos para espect\u00e1culos de malabares de calle\" href=\"https:\/\/www.juegosmalabares.com\/blog\/consejos-espectaculos-malabares\/\" target=\"_blank\" rel=\"noopener noreferrer\"><\/a><a title=\"Consejos para espect\u00e1culos de malabares de calle\" href=\"https:\/\/www.juegosmalabares.com\/blog\/consejos-espectaculos-malabares\/\" target=\"_blank\" rel=\"noopener noreferrer\"><\/a><a title=\"Consejos para espect\u00e1culos de malabares de calle\" href=\"https:\/\/www.juegosmalabares.com\/blog\/consejos-espectaculos-malabares\/\" target=\"_blank\" rel=\"noopener noreferrer\"><\/a><a title=\"Consejos para espect\u00e1culos de malabares de calle\" href=\"https:\/\/www.juegosmalabares.com\/blog\/consejos-espectaculos-malabares\/\" target=\"_blank\" rel=\"noopener noreferrer\"><\/a><a title=\"Consejos para espect\u00e1culos de malabares de calle\" href=\"https:\/\/www.juegosmalabares.com\/blog\/consejos-espectaculos-malabares\/\" target=\"_blank\" rel=\"noopener noreferrer\"><\/a><a title=\"Consejos para espect\u00e1culos de malabares de calle\" href=\"https:\/\/www.juegosmalabares.com\/blog\/consejos-espectaculos-malabares\/\" target=\"_blank\" rel=\"noopener noreferrer\">Consejos para espect\u00e1culos de malabares de calle<\/a><\/p>\n<\/div>\n<div class=\"bioright\"><a title=\"Consejos para trabajar como malabarista de calle\" href=\"https:\/\/www.juegosmalabares.com\/blog\/trabajar-malabarista-calle\/\" target=\"_blank\" rel=\"noopener noreferrer\"><\/p>\n<figure><img src=\"https:\/\/www.juegosmalabares.com\/blog\/wp-content\/uploads\/2014\/03\/Malabarismo-en-la-calle.jpg\" alt=\"Consejos para trabajar como malabarista de calle\" width=\"192px\"><\/figure>\n<p><\/a><a title=\"Consejos para trabajar como malabarista de calle\" href=\"https:\/\/www.juegosmalabares.com\/blog\/trabajar-malabarista-calle\/\" target=\"_blank\" rel=\"noopener noreferrer\"><\/a><a title=\"Consejos para trabajar como malabarista de calle\" href=\"https:\/\/www.juegosmalabares.com\/blog\/trabajar-malabarista-calle\/\" target=\"_blank\" rel=\"noopener noreferrer\"><\/a><a title=\"Consejos para trabajar como malabarista de calle\" href=\"https:\/\/www.juegosmalabares.com\/blog\/trabajar-malabarista-calle\/\" target=\"_blank\" rel=\"noopener noreferrer\"><\/a><a title=\"Consejos para trabajar como malabarista de calle\" href=\"https:\/\/www.juegosmalabares.com\/blog\/trabajar-malabarista-calle\/\" target=\"_blank\" rel=\"noopener noreferrer\"><\/a><a title=\"Consejos para trabajar como malabarista de calle\" href=\"https:\/\/www.juegosmalabares.com\/blog\/trabajar-malabarista-calle\/\" target=\"_blank\" rel=\"noopener noreferrer\"><\/a><a title=\"Consejos para trabajar como malabarista de calle\" href=\"https:\/\/www.juegosmalabares.com\/blog\/trabajar-malabarista-calle\/\" target=\"_blank\" rel=\"noopener noreferrer\"><\/a><a title=\"Consejos para trabajar como malabarista de calle\" href=\"https:\/\/www.juegosmalabares.com\/blog\/trabajar-malabarista-calle\/\" target=\"_blank\" rel=\"noopener noreferrer\">Consejos para trabajar como malabarista de calle<\/a><\/p>\n<\/div>\n<div style=\"clear:both;\"><\/div>\n<div class=\"bioleft\"><a title=\"Consejos para asistir a la Convenci\u00f3n Europea de Malabaristas EJC\" href=\"https:\/\/www.juegosmalabares.com\/blog\/consejos-asistir-convecion-europea-malabaristas-ejc\/\" target=\"_blank\" rel=\"noopener noreferrer\"><\/p>\n<figure><img src=\"https:\/\/www.juegosmalabares.com\/blog\/wp-content\/uploads\/2016\/05\/consejos-ejc.jpg\" alt=\"Consejos para asistir a la Convenci\u00f3n Europea de Malabaristas EJC\" width=\"192px\"><\/figure>\n<p><\/a><a title=\"Consejos para asistir a la Convenci\u00f3n Europea de Malabaristas EJC\" href=\"https:\/\/www.juegosmalabares.com\/blog\/consejos-asistir-convecion-europea-malabaristas-ejc\/\" target=\"_blank\" rel=\"noopener noreferrer\"><\/a><a title=\"Consejos para asistir a la Convenci\u00f3n Europea de Malabaristas EJC\" href=\"https:\/\/www.juegosmalabares.com\/blog\/consejos-asistir-convecion-europea-malabaristas-ejc\/\" target=\"_blank\" rel=\"noopener noreferrer\"><\/a><a title=\"Consejos para asistir a la Convenci\u00f3n Europea de Malabaristas EJC\" href=\"https:\/\/www.juegosmalabares.com\/blog\/consejos-asistir-convecion-europea-malabaristas-ejc\/\" target=\"_blank\" rel=\"noopener noreferrer\"><\/a><a title=\"Consejos para asistir a la Convenci\u00f3n Europea de Malabaristas EJC\" href=\"https:\/\/www.juegosmalabares.com\/blog\/consejos-asistir-convecion-europea-malabaristas-ejc\/\" target=\"_blank\" rel=\"noopener noreferrer\"><\/a><a title=\"Consejos para asistir a la Convenci\u00f3n Europea de Malabaristas EJC\" href=\"https:\/\/www.juegosmalabares.com\/blog\/consejos-asistir-convecion-europea-malabaristas-ejc\/\" target=\"_blank\" rel=\"noopener noreferrer\"><\/a><a title=\"Consejos para asistir a la Convenci\u00f3n Europea de Malabaristas EJC\" href=\"https:\/\/www.juegosmalabares.com\/blog\/consejos-asistir-convecion-europea-malabaristas-ejc\/\" target=\"_blank\" rel=\"noopener noreferrer\"><\/a><a title=\"Consejos para asistir a la Convenci\u00f3n Europea de Malabaristas EJC\" href=\"https:\/\/www.juegosmalabares.com\/blog\/consejos-asistir-convecion-europea-malabaristas-ejc\/\" target=\"_blank\" rel=\"noopener noreferrer\">Consejos para asistir a la Convenci\u00f3n Europea de Malabaristas EJC<\/a><\/p>\n<\/div>\n<div class=\"biocenter\">\n<a title=\"\u00bfQu\u00e9 es el Jollyball?\" href=\"https:\/\/www.juegosmalabares.com\/blog\/que-es-jollyball\/\" target=\"_blank\" rel=\"noopener noreferrer\"><\/p>\n<figure><img src=\"https:\/\/www.juegosmalabares.com\/blog\/wp-content\/uploads\/2017\/08\/que-es-el-jollyball-192.jpg\" alt=\"\u00bfQu\u00e9 es el Jollyball?\" width=\"192px\"><\/figure>\n<p><\/a><a title=\"\u00bfQu\u00e9 es el Jollyball?\" href=\"https:\/\/www.juegosmalabares.com\/blog\/que-es-jollyball\/\" target=\"_blank\" rel=\"noopener noreferrer\"><\/a><a title=\"\u00bfQu\u00e9 es el Jollyball?\" href=\"https:\/\/www.juegosmalabares.com\/blog\/que-es-jollyball\/\" target=\"_blank\" rel=\"noopener noreferrer\"><\/a><a title=\"\u00bfQu\u00e9 es el Jollyball?\" href=\"https:\/\/www.juegosmalabares.com\/blog\/que-es-jollyball\/\" target=\"_blank\" rel=\"noopener noreferrer\"><\/a><a title=\"\u00bfQu\u00e9 es el Jollyball?\" href=\"https:\/\/www.juegosmalabares.com\/blog\/que-es-jollyball\/\" target=\"_blank\" rel=\"noopener noreferrer\"><\/a><a title=\"\u00bfQu\u00e9 es el Jollyball?\" href=\"https:\/\/www.juegosmalabares.com\/blog\/que-es-jollyball\/\" target=\"_blank\" rel=\"noopener noreferrer\"><\/a><a title=\"\u00bfQu\u00e9 es el Jollyball?\" href=\"https:\/\/www.juegosmalabares.com\/blog\/que-es-jollyball\/\" target=\"_blank\" rel=\"noopener noreferrer\"><\/a><a title=\"\u00bfQu\u00e9 es el Jollyball?\" href=\"https:\/\/www.juegosmalabares.com\/blog\/que-es-jollyball\/\" target=\"_blank\" rel=\"noopener noreferrer\">\u00bfQu\u00e9 es el Jollyball?<\/a><\/p>\n<\/div>\n<\/div>\n<div style=\"clear:both;\"><\/div>\n<div class=\"bio-separador\"><\/div>\n<h3 class=\"bluetext\">Biograf\u00eda<\/h3>\n<p><b>Ray<\/b> es el <b>creador<\/b> de la plataforma <b>Malabarias<\/b> (Malabaristas en Canarias), <a href=\"http:\/\/RedNoseProject.blogspot.com\/\" target=\"_blank\" rel=\"nofollow noopener noreferrer\">Red Nose Project<\/a>, <a href=\"http:\/\/EJCvideos.blogspot.com\/\" target=\"_blank\" rel=\"nofollow noopener noreferrer\">EJC Videos<\/a>, <a href=\"http:\/\/CircusArtsFB.blogspot.com\/\" target=\"_blank\" rel=\"nofollow noopener noreferrer\">Circus Arts Community Around The World<\/a> y el grupo de Facebook <a href=\"https:\/\/www.facebook.com\/groups\/CircusArtsSpain\" target=\"_blank\" rel=\"nofollow noopener noreferrer\">Artes de Circo de Espa\u00f1a<\/a>.<\/p>\n<figure><img loading=\"lazy\" class=\"aligncenter wp-image-5840\" title=\"Ray\" src=\"https:\/\/www.juegosmalabares.com\/blog\/wp-content\/uploads\/2015\/10\/ray.jpg\" alt=\"Ray\" width=\"374\" height=\"500\" data-wp-pid=\"5840\" srcset=\"https:\/\/www.juegosmalabares.com\/blog\/wp-content\/uploads\/2015\/10\/ray.jpg 374w, https:\/\/www.juegosmalabares.com\/blog\/wp-content\/uploads\/2015\/10\/ray-224x300.jpg 224w\" sizes=\"(max-width: 374px) 100vw, 374px\" \/><\/figure>\n<p>Ha organizado reuniones de malabaristas, encuentros de circo \u00abCircovivencias\u00bb, pasacalles sociales, circoacampadas, excursiones de malabaristas, talleres y espect\u00e1culos. Todos sin \u00e1nimo de lucro, por el bien de la comunidad. Tambi\u00e9n ha ganado dos premios como payaso y trabajado profesionalmente como malabarista. Tambi\u00e9n ha cursado los estudios de <b>Pedagog\u00eda de Circo<\/b> en la Escuela de Circo de Bruselas.<\/p>\n<p>Durante varios a\u00f1os ha sido el Representante Espa\u00f1ol de la <b>European Juggling Association<\/b> (<b>EJA<\/b>), informando a trav\u00e9s del blog <a href=\"http:\/\/RepEspEJA.blogspot.com\/\" target=\"_blank\" rel=\"nofollow noopener noreferrer\">RepEspEJA<\/a>, donde queda constancia de su implicaci\u00f3n en difundir las artes circenses.<\/p>\n<p>Desde finales de 2011 vive y viaja en un furg\u00f3n vivienda que \u00e9l mismo prepar\u00f3, financiando su vida n\u00f3mada como artista de calle. Actualmente, Ray es profesor de clown: <a href=\"http:\/\/www.clownteacher.com\/\" target=\"_blank\" rel=\"nofollow noopener noreferrer\">ClownTeacher.com<\/a>.<\/p>\n","protected":false},"excerpt":{"rendered":"<p>Art\u00edculos de Ray Consejos para trabajar como malabarista en sem\u00e1foros Consejos para espect\u00e1culos de malabares de calle Consejos para trabajar como malabarista de calle Consejos para asistir a la Convenci\u00f3n Europea de Malabaristas EJC \u00bfQu\u00e9 es el Jollyball? Biograf\u00eda Ray es el creador de la plataforma Malabarias (Malabaristas en Canarias), Red Nose Project, EJC Videos, [&hellip;]<\/p>\n","protected":false},"author":4,"featured_media":0,"parent":0,"menu_order":0,"comment_status":"closed","ping_status":"closed","template":"","meta":{"ngg_post_thumbnail":0},"tags":[132,99],"_links":{"self":[{"href":"https:\/\/www.juegosmalabares.com\/blog\/wp-json\/wp\/v2\/pages\/5828"}],"collection":[{"href":"https:\/\/www.juegosmalabares.com\/blog\/wp-json\/wp\/v2\/pages"}],"about":[{"href":"https:\/\/www.juegosmalabares.com\/blog\/wp-json\/wp\/v2\/types\/page"}],"author":[{"embeddable":true,"href":"https:\/\/www.juegosmalabares.com\/blog\/wp-json\/wp\/v2\/users\/4"}],"replies":[{"embeddable":true,"href":"https:\/\/www.juegosmalabares.com\/blog\/wp-json\/wp\/v2\/comments?post=5828"}],"version-history":[{"count":0,"href":"https:\/\/www.juegosmalabares.com\/blog\/wp-json\/wp\/v2\/pages\/5828\/revisions"}],"wp:attachment":[{"href":"https:\/\/www.juegosmalabares.com\/blog\/wp-json\/wp\/v2\/media?parent=5828"}],"wp:term":[{"taxonomy":"post_tag","embeddable":true,"href":"https:\/\/www.juegosmalabares.com\/blog\/wp-json\/wp\/v2\/tags?post=5828"}],"curies":[{"name":"wp","href":"https:\/\/api.w.org\/{rel}","templated":true}]}}